{"id":348,"date":"2021-11-14T01:42:25","date_gmt":"2021-11-14T01:42:25","guid":{"rendered":"https:\/\/themenectar.com\/salient\/architect\/?page_id=6"},"modified":"2024-03-12T04:49:52","modified_gmt":"2024-03-12T04:49:52","slug":"about","status":"publish","type":"page","link":"https:\/\/bock.consulting\/fr\/about\/","title":{"rendered":"\u00c9quipe"},"content":{"rendered":"<div id=\"team\"  data-column-margin=\"default\" data-midnight=\"dark\" data-top-percent=\"10%\" data-bottom-percent=\"0%\"  class=\"wpb_row vc_row-fluid vc_row full-width-content vc_row-o-equal-height vc_row-flex  right_padding_6pct left_padding_6pct top_padding_tablet_15pct top_padding_phone_20pct bottom_padding_tablet_0pct bottom_padding_phone_0pct top_margin_phone_0pct bottom_margin_phone_0pct\"  style=\"padding-top: calc(100vw * 0.10); padding-bottom: calc(100vw * 0.00); \"><div class=\"row-bg-wrap\" data-bg-animation=\"none\" data-bg-animation-delay=\"\" data-bg-overlay=\"false\"><div class=\"inner-wrap row-bg-layer using-image\" ><div class=\"row-bg viewport-desktop using-image using-bg-color\"  style=\"background-image: url(https:\/\/i0.wp.com\/bock.consulting\/wp-content\/uploads\/2024\/02\/bock_gradientd.png?fit=1920%2C1080&#038;ssl=1); background-position: left top; background-repeat: no-repeat; background-color: #ffffff; \"><\/div><\/div><\/div><div class=\"row_col_wrap_12 col span_12 dark left\">\n\t<div  class=\"vc_col-sm-4 wpb_column column_container vc_column_container col nectar-sticky-column-css has-animation no-extra-padding top_margin_phone_0pct bottom_margin_phone_0pct inherit_tablet inherit_phone\"  data-padding-pos=\"all\" data-has-bg-color=\"false\" data-bg-color=\"\" data-bg-opacity=\"1\" data-animation=\"fade-in-from-bottom\" data-delay=\"0\" >\n\t\t<div class=\"n-sticky\"><div class=\"vc_column-inner\" >\n\t\t\t<div class=\"wpb_wrapper\">\n\t\t\t\t<div class=\"nectar-split-heading\" data-align=\"default\" data-m-align=\"inherit\" data-text-effect=\"none\" data-animation-type=\"line-reveal-by-space\" data-animation-delay=\"0\" data-animation-offset=\"\" data-m-rm-animation=\"\" data-stagger=\"\" data-custom-font-size=\"false\" ><h2 style=\" color: #02774a;\">Rencontrer l'\u00e9quipe<\/h2><\/div><div class=\"nectar-split-heading  font_size_tablet_18px font_size_phone_16px font_line_height_1-7\" data-align=\"default\" data-m-align=\"inherit\" data-text-effect=\"none\" data-animation-type=\"line-reveal-by-space\" data-animation-delay=\"0\" data-animation-offset=\"\" data-m-rm-animation=\"\" data-stagger=\"\" data-custom-font-size=\"false\" ><p >Nos deux fondateurs sont titulaires de dipl\u00f4mes en droit des \u00c9tats-Unis, du Royaume-Uni et de la France, d'une exp\u00e9rience dans un cabinet d'avocats Am Law 25 (Jennifer) et dans un cabinet comptable Big 4 (Matthew), ont chacun, individuellement, fond\u00e9 des cabinets d'avocats \u00e0 succ\u00e8s et ont v\u00e9cu et travaill\u00e9 aux \u00c9tats-Unis, en France et en Afrique subsaharienne. Ces exp\u00e9riences conf\u00e8rent \u00e0 Bock Consulting et ses fondateurs une position unique, \u00e9tant donn\u00e9 que Matthew et Jennifer parlent couramment l'anglais et le fran\u00e7ais, sont enti\u00e8rement triculturels et poss\u00e8dent une connaissance approfondie de plusieurs juridictions et syst\u00e8mes juridiques.<\/p><\/div>\n\t\t\t<\/div> \n\t\t<\/div><\/div>\n\t<\/div> \n\n\t<div  class=\"vc_col-sm-8 wpb_column column_container vc_column_container col padding-6-percent el_spacing_0px bottom_margin_phone_0pct no-extra-padding_tablet no-extra-padding_phone\"  data-padding-pos=\"left\" data-has-bg-color=\"false\" data-bg-color=\"\" data-bg-opacity=\"1\" data-animation=\"\" data-delay=\"0\" >\n\t\t<div class=\"vc_column-inner\" >\n\t\t\t<div class=\"wpb_wrapper\">\n\t\t\t\t<div id=\"fws_69ee31cbe9b42\" data-midnight=\"\" data-column-margin=\"30px\" class=\"wpb_row vc_row-fluid vc_row inner_row vc_row-o-equal-height vc_row-flex top_padding_tablet_40px bottom_padding_tablet_0px\"  style=\"padding-bottom: 20px; \"><div class=\"row-bg-wrap\"> <div class=\"row-bg\" ><\/div> <\/div><div class=\"row_col_wrap_12_inner col span_12  left\">\n\t<div style=\"margin-top: 0%; margin-bottom: 0%; \" class=\"vc_col-sm-6 wpb_column column_container vc_column_container col child_column no-extra-padding bottom_margin_phone_0pct inherit_tablet inherit_phone\"    data-t-w-inherits=\"small_desktop\" data-padding-pos=\"all\" data-has-bg-color=\"false\" data-bg-color=\"\" data-bg-opacity=\"1\" data-animation=\"\" data-delay=\"0\" >\n\t\t<div class=\"vc_column-inner\" >\n\t\t<div class=\"wpb_wrapper\">\n\t\t\t<div class=\"team-member\" data-n-parallax-bg=\"true\" data-parallax-speed=\"subtle\" data-style=\"bio_fullscreen_alt\"><div class=\"team-member-image\"><div class=\"team-member-image-inner\"><div class=\"nectar-el-parallax-scroll\" data-scroll-animation=\"true\" data-scroll-animation-mobile=\"true\" data-scroll-animation-intensity=\"-0.7\" data-scroll-animation-lerp=\"1\"><div class=\"vc_column-inner\"><img loading=\"lazy\" decoding=\"async\" src=\"https:\/\/i0.wp.com\/bock.consulting\/wp-content\/uploads\/2024\/03\/MatthewBock_Cutout_Gray_March11.png?fit=1508%2C1506&#038;ssl=1\" width=\"500\" height=\"500\" alt=\"\" \/><\/div><\/div><\/div><\/div><div class=\"team-member-overlay\"><\/div>\n    <div class=\"team-meta\"><h5>Co-fondateur<\/h5><h3>Matthew Bock<\/h3><p><\/p><\/div>\n    <div class=\"nectar_team_bio_img\" data-img-src=\"https:\/\/i0.wp.com\/bock.consulting\/wp-content\/uploads\/2024\/03\/MatthewBock_Cutout_Gray_March11.png?fit=1508%2C1506&amp;ssl=1\"><\/div>\n    <div class=\"nectar_team_bio\"><p>Matthew a pass\u00e9 presque toute son enfance (plus de 16 ans) en Afrique subsaharienne, dont 10 ans en Afrique de l&#8217;Ouest francophone (Guin\u00e9e et Togo). Il a forg\u00e9 une connexion profonde et durable avec la r\u00e9gion, et entretient avec le continent des relations personnelles et professionnelles qui sont ch\u00e8res \u00e0 ses yeux.<\/p>\n<p>Apr\u00e8s avoir d\u00e9m\u00e9nag\u00e9 aux \u00c9tats-Unis, Matthew a obtenu une licence en op\u00e9rations commerciales multinationales de la Florida State University, un doctorat en droit (Juris Doctorate) de la Loyola Law School \u00e0 Los Angeles, et un LLM en droit \u00e9conomique international de l&#8217;University of London &#8211; School Of Oriental and African Studies (SOAS).<\/p>\n<p>Matthew a consacr\u00e9 toute sa carri\u00e8re juridique au droit des importations, aux contr\u00f4les \u00e0 l&#8217;exportation et aux sanctions \u00e9conomiques, ainsi qu&#8217;\u00e0 la conformit\u00e9 r\u00e9glementaire, en tant que consultant chez Ernst &amp;amp; Young, et dans la pratique juridique priv\u00e9e, notamment \u00e0 la t\u00eate de son propre cabinet, Bock Trade Law, depuis 2016.<\/p>\n<p>Matthew est \u00e9galement courtier en douane agr\u00e9\u00e9 et est autoris\u00e9 \u00e0 exercer le droit dans le Massachusetts, \u00e0 New York, et \u00e0 la Cour internationale du commerce des \u00c9tats-Unis. Il parle couramment l&#8217;anglais et le fran\u00e7ais.<\/p>\n<div class=\"bottom_meta\"><a href=\"https:\/\/www.linkedin.com\/in\/matthew-bock-esq-lcb-617a274\/\" target=\"_blank\"><i class=\"icon-default-style fa fa-linkedin\"><\/i><\/a><\/div><\/div>\n    <\/div>\n\t\t<\/div> \n\t<\/div>\n\t<\/div> \n\n\t<div  class=\"vc_col-sm-6 wpb_column column_container vc_column_container col child_column no-extra-padding top_margin_phone_0pct bottom_margin_phone_0pct inherit_tablet inherit_phone\"    data-t-w-inherits=\"small_desktop\" data-padding-pos=\"all\" data-has-bg-color=\"false\" data-bg-color=\"\" data-bg-opacity=\"1\" data-animation=\"\" data-delay=\"0\" >\n\t\t<div class=\"vc_column-inner\" >\n\t\t<div class=\"wpb_wrapper\">\n\t\t\t<div class=\"team-member\" data-n-parallax-bg=\"true\" data-parallax-speed=\"subtle\" data-style=\"bio_fullscreen_alt\"><div class=\"team-member-image\"><div class=\"team-member-image-inner\"><div class=\"nectar-el-parallax-scroll\" data-scroll-animation=\"true\" data-scroll-animation-mobile=\"true\" data-scroll-animation-intensity=\"-0.7\" data-scroll-animation-lerp=\"1\"><div class=\"vc_column-inner\"><img loading=\"lazy\" decoding=\"async\" src=\"https:\/\/i0.wp.com\/bock.consulting\/wp-content\/uploads\/2024\/02\/Screenshot-2024-02-23-at-8.18.44%E2%80%AFPM.png?fit=1294%2C1294&#038;ssl=1\" width=\"500\" height=\"500\" alt=\"\" \/><\/div><\/div><\/div><\/div><div class=\"team-member-overlay\"><\/div>\n    <div class=\"team-meta\"><h5>Co-fondateur<\/h5><h3>Jennifer Bock<\/h3><p><\/p><\/div>\n    <div class=\"nectar_team_bio_img\" data-img-src=\"https:\/\/i0.wp.com\/bock.consulting\/wp-content\/uploads\/2024\/02\/Screenshot-2024-02-23-at-8.18.44%E2%80%AFPM.png?fit=1294%2C1294&amp;ssl=1\"><\/div>\n    <div class=\"nectar_team_bio\"><p class=\"font_8 wixui-rich-text__text\">Jennifer a pass\u00e9 presque toute son enfance en France et a \u00e9galement obtenu sa licence en droit et une ma\u00eetrise en droit (Master 1) en France. Jennifer a \u00e9galement obtenu un LLM de King&#8217;s College London avant de d\u00e9m\u00e9nager aux \u00c9tats-Unis et d&#8217;obtenir un doctorat en droit (Juris Doctorate) de la Southern Methodist University.<\/p>\n<p>Avant de lancer son propre cabinet, JAB Law, en 2022, Jennifer \u00e9tait Associ\u00e9e dans le groupe Corporate chez McDermott Will &amp;amp; Emery, l&#8217;un des plus grands et importants cabinets d&#8217;avocats au monde.<\/p>\n<p>Jennifer a consacr\u00e9 toute sa carri\u00e8re juridique au droit des soci\u00e9t\u00e9s. En plus d&#8217;agir r\u00e9guli\u00e8rement en tant que conseill\u00e8re juridique externe principale pour ses clients, Jen conseille \u00e9galement les entreprises sur des transactions commerciales strat\u00e9giques telles que l&#8217;expansion aux \u00c9tats-Unis de soci\u00e9t\u00e9s non am\u00e9ricaines, ainsi que des alliances telles que les licences, les relations avec les fournisseurs, les distributions et les collaborations dans un large \u00e9ventail d&#8217;industries.<\/p>\n<p>Jennifer est autoris\u00e9e \u00e0 exercer le droit dans le Massachusetts, au Texas et en Floride, et parle couramment l&#8217;anglais et le fran\u00e7ais.<\/p>\n<p>Jennifer est autoris\u00e9e \u00e0 exercer le droit dans le Massachusetts, au Texas et en Floride, et parle couramment l&#8217;anglais et le fran\u00e7ais.<\/p>\n<div class=\"bottom_meta\"><a href=\"https:\/\/www.linkedin.com\/in\/jennifer-a-bock-6419a99a\/\" target=\"_blank\"><i class=\"icon-default-style fa fa-linkedin\"><\/i><\/a><\/div><\/div>\n    <\/div>\n\t\t<\/div> \n\t<\/div>\n\t<\/div> \n<\/div><\/div>\n\t\t\t<\/div> \n\t\t<\/div>\n\t<\/div> \n<\/div><\/div>\n\t\t<div id=\"about\"  data-column-margin=\"default\" data-midnight=\"dark\" data-top-percent=\"5%\" data-bottom-percent=\"2%\"  class=\"wpb_row vc_row-fluid vc_row  right_padding_6pct left_padding_0pct top_padding_tablet_10pct top_padding_phone_0pct bottom_padding_tablet_10pct top_margin_phone_0pct\"  style=\"padding-top: calc(100vw * 0.05); padding-bottom: calc(100vw * 0.02); \"><div class=\"row-bg-wrap\" data-bg-animation=\"none\" data-bg-animation-delay=\"\" data-bg-overlay=\"false\"><div class=\"inner-wrap row-bg-layer\" ><div class=\"row-bg viewport-desktop\"  style=\"\"><\/div><\/div><\/div><div class=\"row_col_wrap_12 col span_12 dark left\">\n\t<div  class=\"vc_col-sm-12 wpb_column column_container vc_column_container col no-extra-padding inherit_tablet inherit_phone\"  data-padding-pos=\"all\" data-has-bg-color=\"false\" data-bg-color=\"\" data-bg-opacity=\"1\" data-animation=\"\" data-delay=\"0\" >\n\t\t<div class=\"vc_column-inner\" >\n\t\t\t<div class=\"wpb_wrapper\">\n\t\t\t\t<div id=\"fws_69ee31cbea37d\" data-midnight=\"\" data-column-margin=\"default\" class=\"wpb_row vc_row-fluid vc_row inner_row vc_row-o-equal-height vc_row-flex vc_row-o-content-middle bottom_padding_phone_0pct\"  style=\"\"><div class=\"row-bg-wrap\"> <div class=\"row-bg\" ><\/div> <\/div><div class=\"row_col_wrap_12_inner col span_12  left\">\n\t<div style=\"\" class=\"vc_col-sm-8 wpb_column column_container vc_column_container col child_column top_padding_phone_5pct bottom_padding_phone_5pct\"  data-using-bg=\"true\" data-bg-cover=\"true\" data-padding-pos=\"all\" data-has-bg-color=\"false\" data-bg-color=\"\" data-bg-opacity=\"1\" data-animation=\"\" data-delay=\"0\" >\n\t\t<div class=\"vc_column-inner\" ><div class=\"column-image-bg-wrap column-bg-layer viewport-desktop\" data-n-parallax-bg=\"true\" data-parallax-speed=\"very_subtle\" data-bg-pos=\"center center\" data-bg-animation=\"none\" data-bg-overlay=\"false\"><div class=\"inner-wrap\"><div class=\"column-image-bg parallax-layer\" style=\" background-image: url('https:\/\/i0.wp.com\/bock.consulting\/wp-content\/uploads\/2024\/01\/Bock_Versatility.png?fit=3334%2C3334&#038;ssl=1'); \"><\/div><\/div><\/div>\n\t\t<div class=\"wpb_wrapper\">\n\t\t\t<div class=\"divider-wrap height_tablet_75vh\" data-alignment=\"default\"><div style=\"height: 25px;\" class=\"divider\"><\/div><\/div>\n\t\t<\/div> \n\t<\/div>\n\t<\/div> \n\n\t<div  class=\"vc_col-sm-4 wpb_column column_container vc_column_container col child_column padding-6-percent bottom_margin_phone_0pct no-extra-padding_tablet no-extra-padding_phone\"   data-padding-pos=\"left\" data-has-bg-color=\"false\" data-bg-color=\"\" data-bg-opacity=\"1\" data-animation=\"\" data-delay=\"0\" data-scroll-animation=\"true\" data-scroll-animation-movement=\"default\" data-scroll-animation-mobile=\"\" data-scroll-animation-intensity=\"1\" >\n\t\t<div class=\"vc_column-inner\" >\n\t\t<div class=\"wpb_wrapper\">\n\t\t\t<div class=\"divider-wrap height_tablet_0px\" data-alignment=\"default\"><div style=\"height: 30vh;\" class=\"divider\"><\/div><\/div><div class=\"nectar-split-heading\" data-align=\"default\" data-m-align=\"inherit\" data-text-effect=\"default\" data-animation-type=\"line-reveal-by-space\" data-animation-delay=\"0\" data-animation-offset=\"\" data-m-rm-animation=\"\" data-stagger=\"true\" data-custom-font-size=\"false\" ><h2 style=\" color: #02774a;\">Polyvalence<\/h2><\/div><div class=\"nectar-split-heading  font_size_tablet_18px font_size_phone_16px font_line_height_1-7\" data-align=\"default\" data-m-align=\"inherit\" data-text-effect=\"none\" data-animation-type=\"line-reveal-by-space\" data-animation-delay=\"0\" data-animation-offset=\"\" data-m-rm-animation=\"\" data-stagger=\"\" data-custom-font-size=\"false\" ><p >Si nos sp\u00e9cialit\u00e9s individuelles sont le droit des soci\u00e9t\u00e9s et le droit du commerce international (douanes, contr\u00f4les des exportations et sanctions \u00e9conomiques), nos r\u00f4les quotidiens consistent, \u00e0 un niveau \u00e9lev\u00e9, \u00e0 fournir des conseils juridiques, op\u00e9rationnels et strat\u00e9giques aux dirigeants d'entreprises, et interc\u00e9der aupr\u00e8s des agences gouvernementales au nom de ces entreprises.<\/p><\/div><div class=\"divider-wrap height_tablet_0px height_phone_0px\" data-alignment=\"default\"><div style=\"height: 30vh;\" class=\"divider\"><\/div><\/div>\n\t\t<\/div> \n\t<\/div>\n\t<\/div> \n<\/div><\/div>\n\t\t\t<\/div> \n\t\t<\/div>\n\t<\/div> \n<\/div><\/div>\n\t\t<div id=\"fws_69ee31cbea66f\"  data-column-margin=\"default\" data-midnight=\"dark\" data-top-percent=\"2%\" data-bottom-percent=\"2%\"  class=\"wpb_row vc_row-fluid vc_row full-width-content vc_row-o-equal-height vc_row-flex vc_row-o-content-top  top_margin_5pct scale_desktop_1-02 rotate_desktop_2deg nectar-overflow-hidden top_padding_phone_0pct\"  style=\"padding-top: calc(100vw * 0.02); padding-bottom: calc(100vw * 0.02); \"><div class=\"row-bg-wrap\" data-bg-animation=\"none\" data-bg-animation-delay=\"\" data-bg-overlay=\"false\"><div class=\"inner-wrap row-bg-layer\" ><div class=\"row-bg viewport-desktop using-bg-color\"  style=\"background-color: #02774a; \"><\/div><\/div><div class=\"row-bg-overlay row-bg-layer\" style=\"\"><\/div><\/div><div class=\"row_col_wrap_12 col span_12 dark left\">\n\t<div  class=\"vc_col-sm-12 wpb_column column_container vc_column_container col no-extra-padding el_spacing_0px inherit_tablet inherit_phone\"  data-padding-pos=\"all\" data-has-bg-color=\"false\" data-bg-color=\"\" data-bg-opacity=\"1\" data-animation=\"\" data-delay=\"0\" data-scroll-animation=\"true\" data-scroll-animation-movement=\"transform_x\" data-scroll-animation-mobile=\"true\" data-scroll-animation-intensity=\"-2.5\" >\n\t\t<div class=\"vc_column-inner\" >\n\t\t\t<div class=\"wpb_wrapper\">\n\t\t\t\t<div class=\"nectar-scrolling-text font_size_5vw font_size_mobile_9vw custom_color text_space_medium\" data-style=\"default\" data-s-dir=\"rtl\" data-spacing=\"true\" data-outline-thickness=\"thin\" data-s-speed=\"slowest\" data-overflow=\"visible\" ><div class=\"nectar-scrolling-text-inner\" style=\"color: #ffffff;\"><div class=\"nectar-scrolling-text-inner__text-chunk\">\n<h2>BOCK CONSULTING<\/h2>\n<\/div><div class=\"nectar-scrolling-text-inner__text-chunk\">\n<h2>BOCK CONSULTING<\/h2>\n<\/div><div class=\"nectar-scrolling-text-inner__text-chunk\">\n<h2>BOCK CONSULTING<\/h2>\n<\/div><div class=\"nectar-scrolling-text-inner__text-chunk\">\n<h2>BOCK CONSULTING<\/h2>\n<\/div><div class=\"nectar-scrolling-text-inner__text-chunk\">\n<h2>BOCK CONSULTING<\/h2>\n<\/div><\/div><\/div>\n\t\t\t<\/div> \n\t\t<\/div>\n\t<\/div> \n<\/div><\/div>\n\t\t<div id=\"fws_69ee31cbea7ab\"  data-column-margin=\"default\" data-midnight=\"dark\" data-top-percent=\"2%\" data-bottom-percent=\"2%\"  class=\"wpb_row vc_row-fluid vc_row full-width-content vc_row-o-equal-height vc_row-flex vc_row-o-content-top  bottom_margin_5pct zindex-set scale_desktop_1-02 rotate_desktop_358deg nectar-overflow-hidden\"  style=\"padding-top: calc(100vw * 0.02); padding-bottom: calc(100vw * 0.02);  z-index: 20;\"><div class=\"row-bg-wrap\" data-bg-animation=\"none\" data-bg-animation-delay=\"\" data-bg-overlay=\"false\"><div class=\"inner-wrap row-bg-layer\" ><div class=\"row-bg viewport-desktop using-bg-color\"  style=\"background-color: #f9b210; \"><\/div><\/div><\/div><div class=\"row_col_wrap_12 col span_12 dark left\">\n\t<div  class=\"vc_col-sm-12 wpb_column column_container vc_column_container col no-extra-padding el_spacing_0px inherit_tablet inherit_phone\"  data-padding-pos=\"all\" data-has-bg-color=\"false\" data-bg-color=\"\" data-bg-opacity=\"1\" data-animation=\"\" data-delay=\"0\" data-scroll-animation=\"true\" data-scroll-animation-movement=\"transform_x\" data-scroll-animation-mobile=\"true\" data-scroll-animation-intensity=\"2.5\" >\n\t\t<div class=\"vc_column-inner\" >\n\t\t\t<div class=\"wpb_wrapper\">\n\t\t\t\t<div class=\"nectar-scrolling-text font_size_5vw font_size_mobile_9vw custom_color text_space_medium\" data-style=\"default\" data-s-dir=\"ltr\" data-spacing=\"true\" data-outline-thickness=\"thin\" data-s-speed=\"slowest\" data-overflow=\"visible\" ><div class=\"nectar-scrolling-text-inner\" style=\"color: #ffffff;\"><div class=\"nectar-scrolling-text-inner__text-chunk\">\n<h2>BOCK CONSULTING<\/h2>\n<\/div><div class=\"nectar-scrolling-text-inner__text-chunk\">\n<h2>BOCK CONSULTING<\/h2>\n<\/div><div class=\"nectar-scrolling-text-inner__text-chunk\">\n<h2>BOCK CONSULTING<\/h2>\n<\/div><div class=\"nectar-scrolling-text-inner__text-chunk\">\n<h2>BOCK CONSULTING<\/h2>\n<\/div><div class=\"nectar-scrolling-text-inner__text-chunk\">\n<h2>BOCK CONSULTING<\/h2>\n<\/div><\/div><\/div>\n\t\t\t<\/div> \n\t\t<\/div>\n\t<\/div> \n<\/div><\/div>\n\t\t<div id=\"fws_69ee31cbea855\"  data-column-margin=\"default\" data-midnight=\"dark\"  class=\"wpb_row vc_row-fluid vc_row  top_padding_tablet_3pct top_padding_phone_10pct\"  style=\"padding-top: 0px; padding-bottom: 0px; \"><div class=\"row-bg-wrap\" data-bg-animation=\"none\" data-bg-animation-delay=\"\" data-bg-overlay=\"false\"><div class=\"inner-wrap row-bg-layer\" ><div class=\"row-bg viewport-desktop\"  style=\"\"><\/div><\/div><\/div><div class=\"row_col_wrap_12 col span_12 dark left\">\n\t<div  class=\"vc_col-sm-12 wpb_column column_container vc_column_container col no-extra-padding inherit_tablet inherit_phone\"  data-padding-pos=\"all\" data-has-bg-color=\"false\" data-bg-color=\"\" data-bg-opacity=\"1\" data-animation=\"\" data-delay=\"0\" >\n\t\t<div class=\"vc_column-inner\" >\n\t\t\t<div class=\"wpb_wrapper\">\n\t\t\t\t\n<div class=\"wpb_text_column wpb_content_element  vc_custom_1710214032329\" >\n\t<div class=\"wpb_wrapper\">\n\t\t<h6 style=\"text-align: left;\">Ce site fournit des informations g\u00e9n\u00e9rales, pas des conseils juridiques, et Bock Consulting LLC n'est pas un cabinet d'avocats. Aucune relation avocat-client n'existe ou ne sera form\u00e9e entre vous et Bock Consulting LLC. La consultation de ce site,\nl'utilisation des informations qui y sont contenues, ou la communication avec Bock Consulting LLC (y compris avec l'un de ses repr\u00e9sentants) via ce site, par e-mail, ou autrement, ne cr\u00e9e pas de relation avocat-client entre vous et Bock Consulting LLC.\nBien que Matthew Bock et Jennifer Bock soient des avocats, ce site est associ\u00e9 \u00e0 Bock Consulting LLC, qui n'est pas un cabinet d'avocats, et les communications avec Matthew Bock ou Jennifer Bock via Bock Consulting LLC ne sont pas couvertes par le privil\u00e8ge avocat-client ou le doctrine du produit du travail.<\/h6>\n\t<\/div>\n<\/div>\n\n\n\n\n\t\t\t<\/div> \n\t\t<\/div>\n\t<\/div> \n<\/div><\/div>","protected":false},"excerpt":{"rendered":"Meet The TeamOur two founders have legal degrees from the United States, the UK, and France, experience at an Am Law 25 law firm and a Big 4 Accounting Firm,...","protected":false},"author":1,"featured_media":0,"parent":0,"menu_order":0,"comment_status":"closed","ping_status":"closed","template":"","meta":{"nf_dc_page":"","om_disable_all_campaigns":false,"_monsterinsights_skip_tracking":false,"_monsterinsights_sitenote_active":false,"_monsterinsights_sitenote_note":"","_monsterinsights_sitenote_category":0,"footnotes":""},"class_list":["post-348","page","type-page","status-publish"],"jetpack_sharing_enabled":true,"_links":{"self":[{"href":"https:\/\/bock.consulting\/fr\/wp-json\/wp\/v2\/pages\/348","targetHints":{"allow":["GET"]}}],"collection":[{"href":"https:\/\/bock.consulting\/fr\/wp-json\/wp\/v2\/pages"}],"about":[{"href":"https:\/\/bock.consulting\/fr\/wp-json\/wp\/v2\/types\/page"}],"author":[{"embeddable":true,"href":"https:\/\/bock.consulting\/fr\/wp-json\/wp\/v2\/users\/1"}],"replies":[{"embeddable":true,"href":"https:\/\/bock.consulting\/fr\/wp-json\/wp\/v2\/comments?post=348"}],"version-history":[{"count":6,"href":"https:\/\/bock.consulting\/fr\/wp-json\/wp\/v2\/pages\/348\/revisions"}],"predecessor-version":[{"id":6518,"href":"https:\/\/bock.consulting\/fr\/wp-json\/wp\/v2\/pages\/348\/revisions\/6518"}],"wp:attachment":[{"href":"https:\/\/bock.consulting\/fr\/wp-json\/wp\/v2\/media?parent=348"}],"curies":[{"name":"wp","href":"https:\/\/api.w.org\/{rel}","templated":true}]}}